{"id":5659,"date":"2018-05-29T14:52:44","date_gmt":"2018-05-29T12:52:44","guid":{"rendered":"https:\/\/butikcmyk.dk\/blog\/?page_id=5659"},"modified":"2018-05-29T14:57:45","modified_gmt":"2018-05-29T12:57:45","slug":"privatlivspolitik","status":"publish","type":"page","link":"https:\/\/butikcmyk.dk\/blog\/privatlivspolitik\/","title":{"rendered":"Privatlivspolitik"},"content":{"rendered":"<p>CMYKkld samler ikke bevidst data om dit bes\u00f8g p\u00e5 vores hjemmeside. Skulle data alligevel eksistere, som f\u00f8lge af omst\u00e6ndigheder uden for vores fokusomr\u00e5de, bruges den, af os, til intet.<\/p>\n<p><u><strong>Godt<\/strong><\/u><\/p>\n<ul>\n<li>Vi har ingen integration med Facebook og lignende (ie.: ingen &#8220;del&#8221; knapper).<\/li>\n<li>Vi har ingen integration med Google (ie.: Google Analytics).<\/li>\n<li>Vi omdirigerer til HTTPS, s\u00e5 forbindelsen mellem din browser og vores hjemmeside er krypteret.<\/li>\n<\/ul>\n<p><u><strong>Skidt<\/strong><\/u><\/p>\n<ul>\n<li>Vores hosting tjeneste, <u><a href=\"https:\/\/www.unoeuro.com\/\">UNOEURO<\/a><\/u>, samler ret sikkert data om dit bes\u00f8g, din IP adresse og guderne m\u00e5 vide hvad ellers. Det er uden for vores kontrol, og vi ved ikke, hvordan de anvender denne information.<\/li>\n<li>Denne hjemmeside er baseret p\u00e5 <u><a href=\"https:\/\/wordpress.org\/\">WordPress<\/a><\/u>. Data l\u00e6kker muligvis ud herfra.<\/li>\n<\/ul>\n","protected":false},"excerpt":{"rendered":"<p>CMYKkld samler ikke bevidst data om dit bes\u00f8g p\u00e5 vores hjemmeside. Skulle data alligevel eksistere, som f\u00f8lge af omst\u00e6ndigheder uden for vores fokusomr\u00e5de, bruges den, af os, til intet. Godt Vi har ingen integration med Facebook og lignende (ie.: ingen &#8220;del&#8221; knapper). Vi har ingen integration med Google (ie.: Google Analytics). Vi omdirigerer til HTTPS, &hellip; <a href=\"https:\/\/butikcmyk.dk\/blog\/privatlivspolitik\/\" class=\"more-link\">L\u00e6s videre<span class=\"screen-reader-text\"> &#8220;Privatlivspolitik&#8221;<\/span><\/a><\/p>\n","protected":false},"author":1,"featured_media":0,"parent":0,"menu_order":0,"comment_status":"closed","ping_status":"closed","template":"","meta":{"footnotes":""},"class_list":["post-5659","page","type-page","status-publish","hentry"],"_links":{"self":[{"href":"https:\/\/butikcmyk.dk\/blog\/wp-json\/wp\/v2\/pages\/5659","targetHints":{"allow":["GET"]}}],"collection":[{"href":"https:\/\/butikcmyk.dk\/blog\/wp-json\/wp\/v2\/pages"}],"about":[{"href":"https:\/\/butikcmyk.dk\/blog\/wp-json\/wp\/v2\/types\/page"}],"author":[{"embeddable":true,"href":"https:\/\/butikcmyk.dk\/blog\/wp-json\/wp\/v2\/users\/1"}],"replies":[{"embeddable":true,"href":"https:\/\/butikcmyk.dk\/blog\/wp-json\/wp\/v2\/comments?post=5659"}],"version-history":[{"count":24,"href":"https:\/\/butikcmyk.dk\/blog\/wp-json\/wp\/v2\/pages\/5659\/revisions"}],"predecessor-version":[{"id":5683,"href":"https:\/\/butikcmyk.dk\/blog\/wp-json\/wp\/v2\/pages\/5659\/revisions\/5683"}],"wp:attachment":[{"href":"https:\/\/butikcmyk.dk\/blog\/wp-json\/wp\/v2\/media?parent=5659"}],"curies":[{"name":"wp","href":"https:\/\/api.w.org\/{rel}","templated":true}]}}